{"id":301,"date":"2015-03-04T16:44:34","date_gmt":"2015-03-04T21:44:34","guid":{"rendered":"http:\/\/www.myaquasense.com\/es\/?post_type=product&#038;p=301"},"modified":"2015-03-04T16:45:14","modified_gmt":"2015-03-04T21:45:14","slug":"tapete-de-bano-con-indicador-de-temperatura-incorporado-aquasense","status":"publish","type":"product","link":"https:\/\/www.myaquasense.com\/es\/productos\/tapete-de-bano-con-indicador-de-temperatura-incorporado-aquasense\/","title":{"rendered":"Tapete de Ba\u00f1o con Indicador de Temperatura Incorporado, AquaSense\u00ae"},"content":{"rendered":"<div id=\"attachment_297\" style=\"width: 310px\" class=\"wp-caption alignright\"><a href=\"\/en\/wp-content\/uploads\/2013\/05\/785-530_alt_1.jpg\"><img loading=\"lazy\" decoding=\"async\" aria-describedby=\"caption-attachment-297\" src=\"\/en\/wp-content\/uploads\/2013\/05\/785-530_alt_1-300x82.jpg\" alt=\"Tapete de Ba\u00f1o con Indicador de Temperatura Incorporado, AquaSense\u00ae\" width=\"300\" height=\"82\" class=\"size-medium wp-image-297\" \/><\/a><p id=\"caption-attachment-297\" class=\"wp-caption-text\"><\/p>\n<div align=\"center\" style=\"line-height:normal;\">Tapete de Ba\u00f1o con Indicador de Temperatura Incorporado, AquaSense\u00ae<\/div>\n<p><\/p><\/div>\n<h4>Dise\u00f1o innovador que combina la seguridad para toda la familia con una gu\u00eda de la temperatura y m\u00e1s &#8230;<\/h4>\n<p>80 cm x 40 cm (31,5 po x 15,75 po) <\/p>\n<ul>\n<li>Indicador de temperatura incorporado con nueve niveles de temperatura, indica si el agua del ba\u00f1o est\u00e1 demasiado fr\u00eda, dentro de la zona de confort o demasiado caliente.<\/li>\n<div id=\"attachment_298\" style=\"width: 280px\" class=\"wp-caption alignright\"><a href=\"\/en\/wp-content\/uploads\/2013\/05\/785-530_M_XL.jpg\"><img loading=\"lazy\" decoding=\"async\" aria-describedby=\"caption-attachment-298\" src=\"\/en\/wp-content\/uploads\/2013\/05\/785-530_M_XL-270x300.jpg\" alt=\"Tapete de Ba\u00f1o con Indicador de Temperatura Incorporado, AquaSense\u00ae\" width=\"270\" height=\"300\" class=\"size-medium wp-image-298\" \/><\/a><p id=\"caption-attachment-298\" class=\"wp-caption-text\"><\/p>\n<div align=\"center\" style=\"line-height:normal;\">Tapete de Ba\u00f1o con Indicador de Temperatura Incorporado, AquaSense\u00ae<\/div>\n<p><\/p><\/div>\n<li>Superficie de  textura suave y perfil bajo para una adherencia segura cuando usted est\u00e1 de pie. <\/li>\n<li>La superficie (80 x 40 cm) donde usted se sienta es tan confortable como un coj\u00edn.<\/li>\n<li>Las zonas de Acupressure proporcionan masaje y diversi\u00f3n a toda la familia.<\/li>\n<li>El contorno de los bordes facilita colocar el asiento de  ba\u00f1o sin que peligre   la estabilidad del usuario.<\/li>\n<li>El contorno del tapete permite una cobertura mejor de la ba\u00f1era sin  bloquear el desag\u00fce.<\/li>\n<li>Patente de dise\u00f1o en EEUU D562,161,S  <br \/>\n  Patente canadiense de dise\u00f1o industrial Nro 109698<\/li>\n<li>Contiene caucho natural seco<\/li>\n<\/ul>\n<div class=\"fusion-sep-clear\"><\/div><div class=\"fusion-separator fusion-full-width-sep sep-shadow\" style=\"background:radial-gradient(ellipse at 50% -50% , #e0dede 0px, rgba(255, 255, 255, 0) 80%) repeat scroll 0 0 rgba(0, 0, 0, 0);background:-webkit-radial-gradient(ellipse at 50% -50% , #e0dede 0px, rgba(255, 255, 255, 0) 80%) repeat scroll 0 0 rgba(0, 0, 0, 0);background:-moz-radial-gradient(ellipse at 50% -50% , #e0dede 0px, rgba(255, 255, 255, 0) 80%) repeat scroll 0 0 rgba(0, 0, 0, 0);background:-o-radial-gradient(ellipse at 50% -50% , #e0dede 0px, rgba(255, 255, 255, 0) 80%) repeat scroll 0 0 rgba(0, 0, 0, 0);margin-left: auto;margin-right: auto;margin-top:20px;margin-bottom:20px;\"><\/div>\n<h3>Garant\u00eda<\/h3>\n<p>Un a\u00f1o de garant\u00eda limitada<\/p>\n<div class=\"fusion-sep-clear\"><\/div><div class=\"fusion-separator fusion-full-width-sep sep-shadow\" style=\"background:radial-gradient(ellipse at 50% -50% , #e0dede 0px, rgba(255, 255, 255, 0) 80%) repeat scroll 0 0 rgba(0, 0, 0, 0);background:-webkit-radial-gradient(ellipse at 50% -50% , #e0dede 0px, rgba(255, 255, 255, 0) 80%) repeat scroll 0 0 rgba(0, 0, 0, 0);background:-moz-radial-gradient(ellipse at 50% -50% , #e0dede 0px, rgba(255, 255, 255, 0) 80%) repeat scroll 0 0 rgba(0, 0, 0, 0);background:-o-radial-gradient(ellipse at 50% -50% , #e0dede 0px, rgba(255, 255, 255, 0) 80%) repeat scroll 0 0 rgba(0, 0, 0, 0);margin-left: auto;margin-right: auto;margin-top:20px;margin-bottom:20px;\"><\/div>\n<h3>Informaci\u00f3n del producto<\/h3>\n<p><strong>Tapete de Ba\u00f1o con Indicador de Temperatura Incorporado, AquaSense\u00ae<\/strong><br \/>\n80 cm x 40 cm<\/p>\n<p>Dise\u00f1o innovador que combina la seguridad para toda la familia con una gu\u00eda de la temperatura y m\u00e1s &#8230;<\/p>\n<p><strong>No. del art\u00edculo: 785-530<\/strong><\/p>\n","protected":false},"excerpt":{"rendered":"<p>Dise\u00f1o innovador que combina la seguridad para toda la familia con una gu\u00eda de la temperatura y m\u00e1s &#8230;<\/p>\n<p>80 cm x 40 cm (31,5 po x 15,75 po) <\/p>\n","protected":false},"featured_media":302,"comment_status":"open","ping_status":"closed","template":"","meta":[],"product_cat":[27],"product_tag":[],"class_list":{"0":"post-301","1":"product","2":"type-product","3":"status-publish","4":"has-post-thumbnail","6":"product_cat-tapetes-de-bano","8":"first","9":"instock","10":"shipping-taxable","11":"product-type-simple"},"_links":{"self":[{"href":"https:\/\/www.myaquasense.com\/es\/wp-json\/wp\/v2\/product\/301"}],"collection":[{"href":"https:\/\/www.myaquasense.com\/es\/wp-json\/wp\/v2\/product"}],"about":[{"href":"https:\/\/www.myaquasense.com\/es\/wp-json\/wp\/v2\/types\/product"}],"replies":[{"embeddable":true,"href":"https:\/\/www.myaquasense.com\/es\/wp-json\/wp\/v2\/comments?post=301"}],"wp:featuredmedia":[{"embeddable":true,"href":"https:\/\/www.myaquasense.com\/es\/wp-json\/wp\/v2\/media\/302"}],"wp:attachment":[{"href":"https:\/\/www.myaquasense.com\/es\/wp-json\/wp\/v2\/media?parent=301"}],"wp:term":[{"taxonomy":"product_cat","embeddable":true,"href":"https:\/\/www.myaquasense.com\/es\/wp-json\/wp\/v2\/product_cat?post=301"},{"taxonomy":"product_tag","embeddable":true,"href":"https:\/\/www.myaquasense.com\/es\/wp-json\/wp\/v2\/product_tag?post=301"}],"curies":[{"name":"wp","href":"https:\/\/api.w.org\/{rel}","templated":true}]}}