{"id":304,"date":"2015-03-04T16:48:21","date_gmt":"2015-03-04T21:48:21","guid":{"rendered":"http:\/\/www.myaquasense.com\/es\/?post_type=product&#038;p=304"},"modified":"2015-03-04T16:48:54","modified_gmt":"2015-03-04T21:48:54","slug":"tapette-de-bano-tamano-regular","status":"publish","type":"product","link":"https:\/\/www.myaquasense.com\/es\/productos\/tapette-de-bano-tamano-regular\/","title":{"rendered":"Tapette de ba\u00f1o &#8211; tama\u00f1o regular"},"content":{"rendered":"<div id=\"attachment_233\" style=\"width: 330px\" class=\"wp-caption alignright\"><a href=\"\/en\/wp-content\/uploads\/2012\/12\/785-540_alt_2_rgb.jpg\" target=\"_blank\"><img loading=\"lazy\" decoding=\"async\" aria-describedby=\"caption-attachment-233\" src=\"\/en\/wp-content\/uploads\/2012\/12\/785-540_alt_2_rgb-300x107.jpg\" alt=\"Tapette de ba\u00f1o - tama\u00f1o regular, AquaSense\u00ae\" title=\"Tapette de ba\u00f1o - tama\u00f1o regular, AquaSense\u00ae\" width=\"300\" height=\"107\" class=\"size-medium wp-image-233\" \/><\/a><p id=\"caption-attachment-233\" class=\"wp-caption-text\"><\/p>\n<div align=\"center\" style=\"line-height:normal;\">Tapette de ba\u00f1o &#8211; tama\u00f1o regular, AquaSense\u00ae<\/div>\n<p><\/p><\/div>\n<h4>\u00a1Una zona de seguridad c\u00f3moda, antideslizante para toda la familia!<\/h4>\n<p>80 cm x 40 cm (31.5&#8243; x 15.75&#8243;)<\/p>\n<p>Hacen que el piso de la ba\u00f1era o de la ducha sea m\u00e1s c\u00f3modo y m\u00e1s seguro cuando se est\u00e1 de pie en \u00e9l, y pueden ayudarle tambi\u00e9n a entrar y salir del ba\u00f1o sin peligro.<\/p>\n<p>El contorno de los bordes permiten colocar  los  asientos de ba\u00f1o  sin que  peligre la estabilidad del usuario.<\/p>\n<div id=\"attachment_62\" style=\"width: 310px\" class=\"wp-caption alignright\"><a href=\"\/es\/wp-content\/uploads\/2013\/01\/785-540SmallBathMat-680.jpg\"><img loading=\"lazy\" decoding=\"async\" aria-describedby=\"caption-attachment-62\" src=\"\/es\/wp-content\/uploads\/2013\/01\/785-540SmallBathMat-680-300x145.jpg\" alt=\"Tapette de ba\u00f1o - tama\u00f1o regular, AquaSense\u00ae\" width=\"300\" height=\"145\" class=\"size-medium wp-image-62\" srcset=\"https:\/\/www.myaquasense.com\/es\/wp-content\/uploads\/2013\/01\/785-540SmallBathMat-680-300x145.jpg 300w, https:\/\/www.myaquasense.com\/es\/wp-content\/uploads\/2013\/01\/785-540SmallBathMat-680-600x290.jpg 600w, https:\/\/www.myaquasense.com\/es\/wp-content\/uploads\/2013\/01\/785-540SmallBathMat-680.jpg 680w\" sizes=\"(max-width: 300px) 100vw, 300px\" \/><\/a><p id=\"caption-attachment-62\" class=\"wp-caption-text\"><\/p>\n<div align=\"center\" style=\"line-height:normal;\">Tapette de ba\u00f1o &#8211; tama\u00f1o regular, AquaSense\u00ae<\/div>\n<p><\/p><\/div>\n<ul>\n<li>\u00a1Los extremos contorneados no bloquean el desag\u00fce!<\/li>\n<li>Surperficie de bajo relieve para m\u00e1s comodidad tanto sentado como de pie.<\/li>\n<li>M\u00e1s de 300 ventosas de succi\u00f3n activa se adhieren con toda seguridad a su ba\u00f1era.<\/li>\n<li>El contorno de los bordes permite colocar el asiento de ba\u00f1o sin que peligre  la estabilidad del usuario.<\/li>\n<li>Para toda la familia<\/li>\n<li>Antimicrobianos<\/li>\n<\/ul>\n<p><strong>Nota:<\/strong> Su construcci\u00f3n robusta permite lavarlo a m\u00e1quina.<br \/>\nContiene caucho natural seco.<\/p>\n<div class=\"fusion-sep-clear\"><\/div><div class=\"fusion-separator fusion-full-width-sep sep-shadow\" style=\"background:radial-gradient(ellipse at 50% -50% , #e0dede 0px, rgba(255, 255, 255, 0) 80%) repeat scroll 0 0 rgba(0, 0, 0, 0);background:-webkit-radial-gradient(ellipse at 50% -50% , #e0dede 0px, rgba(255, 255, 255, 0) 80%) repeat scroll 0 0 rgba(0, 0, 0, 0);background:-moz-radial-gradient(ellipse at 50% -50% , #e0dede 0px, rgba(255, 255, 255, 0) 80%) repeat scroll 0 0 rgba(0, 0, 0, 0);background:-o-radial-gradient(ellipse at 50% -50% , #e0dede 0px, rgba(255, 255, 255, 0) 80%) repeat scroll 0 0 rgba(0, 0, 0, 0);margin-left: auto;margin-right: auto;margin-top:20px;margin-bottom:20px;\"><\/div>\n<h3>Garant\u00eda<\/h3>\n<p>Un a\u00f1o de garant\u00eda limitada<\/p>\n<div class=\"fusion-sep-clear\"><\/div><div class=\"fusion-separator fusion-full-width-sep sep-shadow\" style=\"background:radial-gradient(ellipse at 50% -50% , #e0dede 0px, rgba(255, 255, 255, 0) 80%) repeat scroll 0 0 rgba(0, 0, 0, 0);background:-webkit-radial-gradient(ellipse at 50% -50% , #e0dede 0px, rgba(255, 255, 255, 0) 80%) repeat scroll 0 0 rgba(0, 0, 0, 0);background:-moz-radial-gradient(ellipse at 50% -50% , #e0dede 0px, rgba(255, 255, 255, 0) 80%) repeat scroll 0 0 rgba(0, 0, 0, 0);background:-o-radial-gradient(ellipse at 50% -50% , #e0dede 0px, rgba(255, 255, 255, 0) 80%) repeat scroll 0 0 rgba(0, 0, 0, 0);margin-left: auto;margin-right: auto;margin-top:20px;margin-bottom:20px;\"><\/div>\n<h3>Informaci\u00f3n del producto<\/h3>\n<p><strong>Tapette de ba\u00f1o &#8211; tama\u00f1o regular, AquaSense\u00ae<\/strong><\/p>\n<p>\u00a1Una zona de seguridad c\u00f3moda, antideslizante para toda la familia!<\/p>\n<div class=\"espaceapres\"> <\/div>\n<p><strong>Modelo: 785-540<\/strong><\/p>\n","protected":false},"excerpt":{"rendered":"<p>\u00a1Una zona de seguridad c\u00f3moda, antideslizante para toda la familia!<\/p>\n<p>80 cm x 40 cm (31.5&#8243; x 15.75&#8243;)<\/p>\n","protected":false},"featured_media":305,"comment_status":"open","ping_status":"closed","template":"","meta":[],"product_cat":[27],"product_tag":[],"class_list":{"0":"post-304","1":"product","2":"type-product","3":"status-publish","4":"has-post-thumbnail","6":"product_cat-tapetes-de-bano","8":"first","9":"instock","10":"shipping-taxable","11":"product-type-simple"},"_links":{"self":[{"href":"https:\/\/www.myaquasense.com\/es\/wp-json\/wp\/v2\/product\/304"}],"collection":[{"href":"https:\/\/www.myaquasense.com\/es\/wp-json\/wp\/v2\/product"}],"about":[{"href":"https:\/\/www.myaquasense.com\/es\/wp-json\/wp\/v2\/types\/product"}],"replies":[{"embeddable":true,"href":"https:\/\/www.myaquasense.com\/es\/wp-json\/wp\/v2\/comments?post=304"}],"wp:featuredmedia":[{"embeddable":true,"href":"https:\/\/www.myaquasense.com\/es\/wp-json\/wp\/v2\/media\/305"}],"wp:attachment":[{"href":"https:\/\/www.myaquasense.com\/es\/wp-json\/wp\/v2\/media?parent=304"}],"wp:term":[{"taxonomy":"product_cat","embeddable":true,"href":"https:\/\/www.myaquasense.com\/es\/wp-json\/wp\/v2\/product_cat?post=304"},{"taxonomy":"product_tag","embeddable":true,"href":"https:\/\/www.myaquasense.com\/es\/wp-json\/wp\/v2\/product_tag?post=304"}],"curies":[{"name":"wp","href":"https:\/\/api.w.org\/{rel}","templated":true}]}}