{"id":307,"date":"2015-03-04T16:51:54","date_gmt":"2015-03-04T21:51:54","guid":{"rendered":"http:\/\/www.myaquasense.com\/es\/?post_type=product&#038;p=307"},"modified":"2015-03-04T16:52:28","modified_gmt":"2015-03-04T21:52:28","slug":"tapete-de-bano-aquasense","status":"publish","type":"product","link":"https:\/\/www.myaquasense.com\/es\/productos\/tapete-de-bano-aquasense\/","title":{"rendered":"Tapete de ba\u00f1o AquaSense\u00ae"},"content":{"rendered":"<div id=\"attachment_243\" style=\"width: 310px\" class=\"wp-caption alignright\"><a href=\"\/en\/wp-content\/uploads\/2013\/01\/785-410-Bath-Mat.jpg\"><img loading=\"lazy\" decoding=\"async\" aria-describedby=\"caption-attachment-243\" src=\"\/en\/wp-content\/uploads\/2013\/01\/785-410-Bath-Mat-300x100.jpg\" alt=\"Tapete de ba\u00f1o AquaSense\u00ae\" title=\"Tapete de ba\u00f1o AquaSense\u00ae\" width=\"300\" height=\"100\" class=\"size-medium wp-image-243\" \/><\/a><p id=\"caption-attachment-243\" class=\"wp-caption-text\"><\/p>\n<div align=\"center\" style=\"line-height:normal;\">Tapete de ba\u00f1o AquaSense\u00ae<\/div>\n<p><\/p><\/div>\n<h4>\u00a1Una zona de seguridad c\u00f3moda, antideslizante para toda la familia!<\/h4>\n<p>91.4 cm x 36 cm (36 po x 14 1\/2 po)<\/p>\n<ul>\n<li>M\u00e1s de 300 de succi\u00f3n activa. Ellos ofrecen una mayor estabilidad, un mejor contacto con la superficie para un mejor agarre y m\u00e1s seguro<\/li>\n<li>El perfil liso y baja para mayor comodidad mientras se est\u00e1 sentado o de pie<\/li>\n<li>Perfil de Contour para no bloquear\u00e1 el drenaje<\/li>\n<li>El innovador dise\u00f1o permite la instalaci\u00f3n de los asientos de ba\u00f1o sin comprometer la estabilidad<\/li>\n<li>embalaje celof\u00e1n que ocupa poco espacio 36 cm x 6 cm x 6 cm (14 1\/2&#8243; x 2 3\/8&#8243; 2 3\/8&#8243;)<\/li>\n<li>Atractivo embalaje para el sector minorista<\/li>\n<li>Su construcci\u00f3n robusta permite lavarlo a m\u00e1quina.<\/li>\n<li>Largo: 91,4 cm (36&#8243;)<\/li>\n<li>Ancho: 36 cm (14 1\/2&#8243;)<\/li>\n<\/ul>\n<p><strong>Nota:<\/strong> Su construcci\u00f3n robusta permite lavarlo a m\u00e1quina.<br \/>\nContiene caucho natural seco.<\/p>\n<div class=\"fusion-sep-clear\"><\/div><div class=\"fusion-separator fusion-full-width-sep sep-shadow\" style=\"background:radial-gradient(ellipse at 50% -50% , #e0dede 0px, rgba(255, 255, 255, 0) 80%) repeat scroll 0 0 rgba(0, 0, 0, 0);background:-webkit-radial-gradient(ellipse at 50% -50% , #e0dede 0px, rgba(255, 255, 255, 0) 80%) repeat scroll 0 0 rgba(0, 0, 0, 0);background:-moz-radial-gradient(ellipse at 50% -50% , #e0dede 0px, rgba(255, 255, 255, 0) 80%) repeat scroll 0 0 rgba(0, 0, 0, 0);background:-o-radial-gradient(ellipse at 50% -50% , #e0dede 0px, rgba(255, 255, 255, 0) 80%) repeat scroll 0 0 rgba(0, 0, 0, 0);margin-left: auto;margin-right: auto;margin-top:20px;margin-bottom:20px;\"><\/div>\n<h3>Garant\u00eda<\/h3>\n<p>Un a\u00f1o de garant\u00eda limitada<\/p>\n<div class=\"fusion-sep-clear\"><\/div><div class=\"fusion-separator fusion-full-width-sep sep-shadow\" style=\"background:radial-gradient(ellipse at 50% -50% , #e0dede 0px, rgba(255, 255, 255, 0) 80%) repeat scroll 0 0 rgba(0, 0, 0, 0);background:-webkit-radial-gradient(ellipse at 50% -50% , #e0dede 0px, rgba(255, 255, 255, 0) 80%) repeat scroll 0 0 rgba(0, 0, 0, 0);background:-moz-radial-gradient(ellipse at 50% -50% , #e0dede 0px, rgba(255, 255, 255, 0) 80%) repeat scroll 0 0 rgba(0, 0, 0, 0);background:-o-radial-gradient(ellipse at 50% -50% , #e0dede 0px, rgba(255, 255, 255, 0) 80%) repeat scroll 0 0 rgba(0, 0, 0, 0);margin-left: auto;margin-right: auto;margin-top:20px;margin-bottom:20px;\"><\/div>\n<h3>Informaci\u00f3n del producto<\/h3>\n<p><strong>Tapete de ba\u00f1o AquaSense\u00ae<\/strong><br \/>\n91.4 cm x 36 cm (36&#8243; x 14 1\/2&#8243;)<\/p>\n<p>\u00a1Una zona de seguridad c\u00f3moda, antideslizante para toda la familia!<\/p>\n<p><strong>Modelo: 785-410<\/strong><\/p>\n<div class=\"fusion-sep-clear\"><\/div><div class=\"fusion-separator fusion-full-width-sep sep-shadow\" style=\"background:radial-gradient(ellipse at 50% -50% , #e0dede 0px, rgba(255, 255, 255, 0) 80%) repeat scroll 0 0 rgba(0, 0, 0, 0);background:-webkit-radial-gradient(ellipse at 50% -50% , #e0dede 0px, rgba(255, 255, 255, 0) 80%) repeat scroll 0 0 rgba(0, 0, 0, 0);background:-moz-radial-gradient(ellipse at 50% -50% , #e0dede 0px, rgba(255, 255, 255, 0) 80%) repeat scroll 0 0 rgba(0, 0, 0, 0);background:-o-radial-gradient(ellipse at 50% -50% , #e0dede 0px, rgba(255, 255, 255, 0) 80%) repeat scroll 0 0 rgba(0, 0, 0, 0);margin-left: auto;margin-right: auto;margin-top:20px;margin-bottom:20px;\"><\/div>\n<p><a href=\"\/en\/wp-content\/uploads\/2013\/01\/785-410BathMat-680.jpg\"><img decoding=\"async\" src=\"\/en\/wp-content\/uploads\/2013\/01\/785-410BathMat-680.jpg\" alt=\"Tapete de ba\u00f1o AquaSense\u00ae\" \/><\/a><\/p>\n<div align=\"center\" style=\"line-height:normal;\">Tapete de ba\u00f1o AquaSense\u00ae<\/div>\n","protected":false},"excerpt":{"rendered":"<p>\u00a1Una zona de seguridad c\u00f3moda, antideslizante para toda la familia!<\/p>\n<p>91.4 cm x 36 cm (36 po x 14 1\/2 po)<\/p>\n","protected":false},"featured_media":308,"comment_status":"open","ping_status":"closed","template":"","meta":[],"product_cat":[27],"product_tag":[],"class_list":{"0":"post-307","1":"product","2":"type-product","3":"status-publish","4":"has-post-thumbnail","6":"product_cat-tapetes-de-bano","8":"first","9":"instock","10":"shipping-taxable","11":"product-type-simple"},"_links":{"self":[{"href":"https:\/\/www.myaquasense.com\/es\/wp-json\/wp\/v2\/product\/307"}],"collection":[{"href":"https:\/\/www.myaquasense.com\/es\/wp-json\/wp\/v2\/product"}],"about":[{"href":"https:\/\/www.myaquasense.com\/es\/wp-json\/wp\/v2\/types\/product"}],"replies":[{"embeddable":true,"href":"https:\/\/www.myaquasense.com\/es\/wp-json\/wp\/v2\/comments?post=307"}],"wp:featuredmedia":[{"embeddable":true,"href":"https:\/\/www.myaquasense.com\/es\/wp-json\/wp\/v2\/media\/308"}],"wp:attachment":[{"href":"https:\/\/www.myaquasense.com\/es\/wp-json\/wp\/v2\/media?parent=307"}],"wp:term":[{"taxonomy":"product_cat","embeddable":true,"href":"https:\/\/www.myaquasense.com\/es\/wp-json\/wp\/v2\/product_cat?post=307"},{"taxonomy":"product_tag","embeddable":true,"href":"https:\/\/www.myaquasense.com\/es\/wp-json\/wp\/v2\/product_tag?post=307"}],"curies":[{"name":"wp","href":"https:\/\/api.w.org\/{rel}","templated":true}]}}