{"id":474,"date":"2015-02-16T12:16:07","date_gmt":"2015-02-16T17:16:07","guid":{"rendered":"http:\/\/www.myaquasense.com\/fr\/?post_type=product&#038;p=474"},"modified":"2015-02-16T12:16:07","modified_gmt":"2015-02-16T17:16:07","slug":"tapis-de-bain-de-taille-standard-par-aquasense","status":"publish","type":"product","link":"https:\/\/www.myaquasense.com\/fr\/produits\/tapis-de-bain-de-taille-standard-par-aquasense\/","title":{"rendered":"Tapis de bain de taille standard, par AquaSense\u00ae"},"content":{"rendered":"<div id=\"attachment_233\" style=\"width: 330px\" class=\"wp-caption alignright\"><a href=\"\/en\/wp-content\/uploads\/2012\/12\/785-540_alt_2_rgb.jpg\" target=\"_blank\"><img loading=\"lazy\" decoding=\"async\" aria-describedby=\"caption-attachment-233\" src=\"\/en\/wp-content\/uploads\/2012\/12\/785-540_alt_2_rgb-300x107.jpg\" alt=\"Tapis de bain AquaSense\u00ae - taille standard\" title=\"Tapis de bain AquaSense\u00ae - taille standard\" width=\"300\" height=\"107\" class=\"size-medium wp-image-233\" \/><\/a><p id=\"caption-attachment-233\" class=\"wp-caption-text\"><\/p>\n<div align=\"center\" style=\"line-height:normal;\">Tapis de bain AquaSense\u00ae &#8211; taille standard<\/div>\n<p><\/p><\/div>\n<h4>Cr\u00e9e une zone de s\u00e9curit\u00e9 confortable et antid\u00e9rapante pour toute la famille<\/h4>\n<p>80 cm x 40 cm (31,5 po x 15,75 po)<\/p>\n<ul>\n<li><strong>Comfortable:<\/strong> Surface douce et textur\u00e9e, \u00e0 profil bas, vous permet d&rsquo;\u00eatre confortable assis ou debout.<\/li>\n<li><strong>Polyvalent:<\/strong> Le concept de contours des c\u00f4t\u00e9s permet d\u2019installer des si\u00e8ges de baignoire sans compromettre la stabilit\u00e9 du tapis de bain ou du si\u00e8ge de baignoire.<\/li>\n<li><strong>Ing\u00e9nieux :<\/strong> Le contour des extr\u00e9mit\u00e9s permet de couvrir une plus grande surface de bain sans en bloquer le drain.<\/li>\n<li><strong>S\u00e9curitaire :<\/strong> Plus de 300 ventouses s&rsquo;agrippent \u00e0 la forme de votre bain, offrant ainsi un tapis stable et s\u00e9curitaire pour toute la famille.<\/li>\n<li><strong>Hygi\u00e9nique :<\/strong> En plus d&rsquo;\u00eatre antimicrobien, sa construction robuste permet de le laver \u00e0 la machine.<\/li>\n<li>Pour toute la famille<\/li>\n<li>Antimicrobien<\/li>\n<\/ul>\n<p><strong>Entretien :<\/strong> Utiliser un d\u00e9tergent doux non abrasif qui ne contient pas de javellisant<\/p>\n<p><strong>Veuillez noter :<\/strong> Ce tapis de bain est lavable \u00e0 la machine.<br \/>\nContient du caoutchouc naturel sec.<\/p>\n<h3>Garantie<\/h3>\n<p>Garantie limit\u00e9e d&rsquo;un an.<\/p>\n<hr>\n<h3>Informations sur le produit<\/h3>\n<p><strong>Tapis de bain AquaSense\u00ae &#8211; taille standard<\/strong><\/p>\n<p>Cr\u00e9e une zone de s\u00e9curit\u00e9 confortable et antid\u00e9rapante pour toute la famille<\/p>\n<p><strong>Article no: 785-540<\/strong><\/p>\n<hr>\n<div id=\"attachment_236\" style=\"width: 310px\" class=\"wp-caption alignright\"><a href=\"\/en\/wp-content\/uploads\/2012\/12\/785-540SmallBathMat-680.jpg\"><img loading=\"lazy\" decoding=\"async\" aria-describedby=\"caption-attachment-236\" src=\"\/en\/wp-content\/uploads\/2012\/12\/785-540SmallBathMat-680-300x145.jpg\" alt=\"Tapis de bain AquaSense\u00ae - taille standard\" width=\"300\" height=\"145\" class=\"size-medium wp-image-236\" \/><\/a><p id=\"caption-attachment-236\" class=\"wp-caption-text\"><\/p>\n<div align=\"center\" style=\"line-height:normal;\">Tapis de bain AquaSense\u00ae &#8211; taille standard<\/div>\n<p><\/p><\/div>\n<h3>Commentaires des clients<\/h3>\n<p><strong>Commentaires recueillis sur les cartes d\u2019enregistrement de produits ou lors de l\u2019enregistrement de produits en ligne :<\/strong><\/p>\n<div class=\"review male\"><blockquote><q style=\"background-color:;color:;\"><span class=\"fusion-dropcap dropcap\" style=\"color:#67b7e1;\">\u201c<\/span> Tres beau design securitaire et comfortable<br \/>\n&nbsp;<br \/>\n<\/q><\/blockquote><div class=\"author\" style=\"color:;\"><span class=\"testimonial-thumbnail doe\" style=\"color:;\"><\/span><span class=\"company-name\"><strong>Par : ginette B.  De : chicoutimi saguenay<\/strong><\/span><\/div><\/div>\n<div class=\"review male\"><blockquote><q style=\"background-color:;color:;\"><span class=\"fusion-dropcap dropcap\" style=\"color:#67b7e1;\">\u201c<\/span> Tres Securisant, bien pense pour chaise de bain. Merci!<br \/>\n&nbsp;<br \/>\n<\/q><\/blockquote><div class=\"author\" style=\"color:;\"><span class=\"testimonial-thumbnail doe\" style=\"color:;\"><\/span><span class=\"company-name\"><strong>Par : Pierrette F.   De : Montreal<\/strong><\/span><\/div><\/div>\n<div class=\"review male\"><blockquote><q style=\"background-color:;color:;\"><span class=\"fusion-dropcap dropcap\" style=\"color:#67b7e1;\">\u201c<\/span> Les ventouses collent bien dans la baignoire ce n est pas glissant<br \/>\n&nbsp;<br \/>\n<\/q><\/blockquote><div class=\"author\" style=\"color:;\"><span class=\"testimonial-thumbnail doe\" style=\"color:;\"><\/span><span class=\"company-name\"><strong>Par : Andre B.  De : boucherville<\/strong><\/span><\/div><\/div>\n<div class=\"review male\"><blockquote><q style=\"background-color:;color:;\"><span class=\"fusion-dropcap dropcap\" style=\"color:#67b7e1;\">\u201c<\/span> J&rsquo;aime bien ventouses le tapis adher a la baignoir et ne bouge pas. Prix tres abordabler completitiv avec d&rsquo;autres magasins. S&rsquo;interest bein.<br \/>\n&nbsp;<br \/>\n<\/q><\/blockquote><div class=\"author\" style=\"color:;\"><span class=\"testimonial-thumbnail doe\" style=\"color:;\"><\/span><span class=\"company-name\"><strong>Par : Jocelyne D.   De : Laval<\/strong><\/span><\/div><\/div>\n<div class=\"review male\"><blockquote><q style=\"background-color:;color:;\"><span class=\"fusion-dropcap dropcap\" style=\"color:#67b7e1;\">\u201c<\/span> Je n&rsquo;ai plus peur de tomber lorsque je prends ma douche.<br \/>\n&nbsp;<br \/>\n<\/q><\/blockquote><div class=\"author\" style=\"color:;\"><span class=\"testimonial-thumbnail doe\" style=\"color:;\"><\/span><span class=\"company-name\"><strong>Par : Ren\u00e9e L.   De : Montr\u00e9al<\/strong><\/span><\/div><\/div>\n<div class=\"review male\"><blockquote><q style=\"background-color:;color:;\"><span class=\"fusion-dropcap dropcap\" style=\"color:#67b7e1;\">\u201c<\/span> explications tres claires .forme du tapis excellente avec banc de bain<br \/>\n&nbsp;<br \/>\n<\/q><\/blockquote><div class=\"author\" style=\"color:;\"><span class=\"testimonial-thumbnail doe\" style=\"color:;\"><\/span><span class=\"company-name\"><strong>Par : louise A.  De : montreal<\/strong><\/span><\/div><\/div>\n","protected":false},"excerpt":{"rendered":"<p>Cr\u00e9e une zone de s\u00e9curit\u00e9 confortable et antid\u00e9rapante pour toute la famille<\/p>\n<p>80 cm x 40 cm (31,5 po x 15,75 po)<\/p>\n","protected":false},"featured_media":107,"comment_status":"open","ping_status":"closed","template":"","meta":[],"product_cat":[70],"product_tag":[],"class_list":{"0":"post-474","1":"product","2":"type-product","3":"status-publish","4":"has-post-thumbnail","6":"product_cat-tapis-de-bain","8":"first","9":"instock","10":"shipping-taxable","11":"product-type-simple"},"_links":{"self":[{"href":"https:\/\/www.myaquasense.com\/fr\/wp-json\/wp\/v2\/product\/474"}],"collection":[{"href":"https:\/\/www.myaquasense.com\/fr\/wp-json\/wp\/v2\/product"}],"about":[{"href":"https:\/\/www.myaquasense.com\/fr\/wp-json\/wp\/v2\/types\/product"}],"replies":[{"embeddable":true,"href":"https:\/\/www.myaquasense.com\/fr\/wp-json\/wp\/v2\/comments?post=474"}],"wp:featuredmedia":[{"embeddable":true,"href":"https:\/\/www.myaquasense.com\/fr\/wp-json\/wp\/v2\/media\/107"}],"wp:attachment":[{"href":"https:\/\/www.myaquasense.com\/fr\/wp-json\/wp\/v2\/media?parent=474"}],"wp:term":[{"taxonomy":"product_cat","embeddable":true,"href":"https:\/\/www.myaquasense.com\/fr\/wp-json\/wp\/v2\/product_cat?post=474"},{"taxonomy":"product_tag","embeddable":true,"href":"https:\/\/www.myaquasense.com\/fr\/wp-json\/wp\/v2\/product_tag?post=474"}],"curies":[{"name":"wp","href":"https:\/\/api.w.org\/{rel}","templated":true}]}}