{"id":514,"date":"2015-02-20T15:12:15","date_gmt":"2015-02-20T20:12:15","guid":{"rendered":"http:\/\/www.myaquasense.com\/fr\/?post_type=product&#038;p=514"},"modified":"2015-02-20T15:12:24","modified_gmt":"2015-02-20T20:12:24","slug":"poignee-dappui-a-profil-eleve","status":"publish","type":"product","link":"https:\/\/www.myaquasense.com\/fr\/produits\/poignee-dappui-a-profil-eleve\/","title":{"rendered":"Poign\u00e9e d\u2019appui \u00e0 profil \u00e9lev\u00e9, par AquaSense\u00ae"},"content":{"rendered":"<div id=\"attachment_345\" style=\"width: 187px\" class=\"wp-caption alignright\"><a href=\"\/en\/wp-content\/uploads\/2013\/05\/785-370-box.jpg\"><img loading=\"lazy\" decoding=\"async\" aria-describedby=\"caption-attachment-345\" src=\"\/en\/wp-content\/uploads\/2013\/05\/785-370-box-177x300.jpg\" alt=\"Poign\u00e9e d\u2019appui \u00e0 profil \u00e9lev\u00e9, par AquaSense\u00ae\" width=\"177\" height=\"300\" class=\"size-medium wp-image-345\" \/><\/a><p id=\"caption-attachment-345\" class=\"wp-caption-text\"><\/p>\n<div align=\"center\" style=\"line-height:normal;\">Poign\u00e9e d\u2019appui \u00e0 profil \u00e9lev\u00e9, par AquaSense\u00ae<\/div>\n<p><\/p><\/div>\n<h4>Vous procure un soutien additionnel pour entrer et sortir du bain !<\/h4>\n<p>Cette poign\u00e9e d\u2019appui AquaSense\u00ae vous offre stabilit\u00e9 et confort \u00e0 l\u2019entr\u00e9e et \u00e0 la sortie du bain. Construite de poly\u00e9thyl\u00e8ne de forte \u00e9paisseur, elle est facile \u00e0 nettoyer et s\u2019installe rapidement et solidement sans outil.<\/p>\n<ul>\n<li>Prise textur\u00e9e confortable <\/li>\n<li>Offre deux points d&rsquo;appui <\/li>\n<li>Prises sup\u00e9rieure et inf\u00e9rieure pour plus de confort et de s\u00e9curit\u00e9. <\/li>\n<li>Les points de contact sont munis de coussinets antirayures en caoutchouc pour une prise solide sans endommager la surface de votre baignoire. <\/li>\n<li>Levier  d&rsquo;ajustement r\u00e9tractable pour une installation facile et sans outils. <\/li>\n<li>Deux surfaces de contact ind\u00e9pendantes permettent \u00e0 cette poign\u00e9e d&rsquo;appui de s&rsquo;ajuster \u00e0 plusieurs types de baignoires. <\/li>\n<li>Construction robuste en poly\u00e9thyl\u00e8ne, offrant un soutien solide et fiable. <\/li>\n<li>Surface facile d&rsquo;entretien et r\u00e9sistante \u00e0 la moisissure. <\/li>\n<li>S&rsquo;adapte aux parois de 7,6 \u00e0 15,2 cm (3 \u00e0 6 po) de largeur <\/li>\n<p><div id=\"attachment_346\" style=\"width: 130px\" class=\"wp-caption alignright\"><a href=\"\/en\/wp-content\/uploads\/2013\/05\/785-370-cc.jpg\"><img loading=\"lazy\" decoding=\"async\" aria-describedby=\"caption-attachment-346\" src=\"\/en\/wp-content\/uploads\/2013\/05\/785-370-cc-120x300.jpg\" alt=\"Poign\u00e9e d\u2019appui \u00e0 profil \u00e9lev\u00e9, par AquaSense\u00ae\" width=\"120\" height=\"300\" class=\"size-medium wp-image-346\" \/><\/a><p id=\"caption-attachment-346\" class=\"wp-caption-text\"><\/p>\n<div align=\"center\" style=\"line-height:normal;\">Poign\u00e9e d\u2019appui \u00e0 profil \u00e9lev\u00e9, par AquaSense\u00ae<\/div>\n<p><\/p><\/div>\n<\/ul>\n<style>\n#buzz table\n{\nborder-collapse:collapse;\n}\n#buzz table, #buzz td, #buzz th\n{\nborder:1px solid black;\nline-height:1.4em;\n}\n#buzz td, #buzz th\n{\npadding:8px;\n}\n<\/style>\n<table width=\"430px\" border=\"1\" cellspacing=\"0\" cellpadding=\"5\" id=\"buzz\">\n<tr>\n<th bgcolor=\"#007BC5\" scope=\"col\" style=\"color:#FFF;\">Hauteur au-dessus<br \/>\n    du bain<\/th>\n<th bgcolor=\"#007BC5\" scope=\"col\" style=\"color:#FFF;\">Hauteur<br \/>\n    totale<\/th>\n<th bgcolor=\"#007BC5\" scope=\"col\" style=\"color:#FFF;\">Largeur<br \/>\n    totale<\/th>\n<th bgcolor=\"#007BC5\" scope=\"col\" style=\"color:#FFF;\">Fixation<br \/>\n    ajustable de<\/th>\n<\/tr>\n<tr>\n<td>\n<div align=\"center\">41,9 cm<br \/>\n      16,5 po\n    <\/div>\n<\/td>\n<td>\n<div align=\"center\">55,9 cm<br \/>\n      22 po\n    <\/div>\n<\/td>\n<td>\n<div align=\"center\">16,5 cm<br \/>\n      6,5 po\n    <\/div>\n<\/td>\n<td>\n<div align=\"center\">6,4 &#8211; 15,2 cm<br \/>\n      2,5 &#8211; 6 po\n    <\/div>\n<\/td>\n<\/tr>\n<\/table>\n<h3>Mode d\u2019emploi<\/h3>\n<p><a href=\"http:\/\/www.amgmedical.com\/site\/manuals\/785-370Insf.pdf\">Mode d\u2019emploi pour la Poign\u00e9e d\u2019appui \u00e0 profil \u00e9lev\u00e9, par AquaSense\u00ae (fichier pdf)<\/a><\/p>\n<h3>Garantie<\/h3>\n<p>Garantie limit\u00e9e \u00e0 vie.<\/p>\n<div class=\"fusion-sep-clear\"><\/div><div class=\"fusion-separator fusion-full-width-sep sep-shadow\" style=\"background:radial-gradient(ellipse at 50% -50% , #e0dede 0px, rgba(255, 255, 255, 0) 80%) repeat scroll 0 0 rgba(0, 0, 0, 0);background:-webkit-radial-gradient(ellipse at 50% -50% , #e0dede 0px, rgba(255, 255, 255, 0) 80%) repeat scroll 0 0 rgba(0, 0, 0, 0);background:-moz-radial-gradient(ellipse at 50% -50% , #e0dede 0px, rgba(255, 255, 255, 0) 80%) repeat scroll 0 0 rgba(0, 0, 0, 0);background:-o-radial-gradient(ellipse at 50% -50% , #e0dede 0px, rgba(255, 255, 255, 0) 80%) repeat scroll 0 0 rgba(0, 0, 0, 0);margin-left: auto;margin-right: auto;margin-top:20px;margin-bottom:20px;\"><\/div>\n<h3>Informations sur le produit<\/h3>\n<p><strong>Poign\u00e9e d\u2019appui \u00e0 profil \u00e9lev\u00e9, par AquaSense\u00ae<\/strong><\/p>\n<p>Vous procure un soutien additionnel pour entrer et sortir du bain !<\/p>\n<p><strong>Article no : 785-370<\/strong><\/p>\n<div class=\"fusion-sep-clear\"><\/div><div class=\"fusion-separator fusion-full-width-sep sep-shadow\" style=\"background:radial-gradient(ellipse at 50% -50% , #e0dede 0px, rgba(255, 255, 255, 0) 80%) repeat scroll 0 0 rgba(0, 0, 0, 0);background:-webkit-radial-gradient(ellipse at 50% -50% , #e0dede 0px, rgba(255, 255, 255, 0) 80%) repeat scroll 0 0 rgba(0, 0, 0, 0);background:-moz-radial-gradient(ellipse at 50% -50% , #e0dede 0px, rgba(255, 255, 255, 0) 80%) repeat scroll 0 0 rgba(0, 0, 0, 0);background:-o-radial-gradient(ellipse at 50% -50% , #e0dede 0px, rgba(255, 255, 255, 0) 80%) repeat scroll 0 0 rgba(0, 0, 0, 0);margin-left: auto;margin-right: auto;margin-top:20px;margin-bottom:20px;\"><\/div>\n&nbsp;<br \/>\n<div id=\"attachment_350\" style=\"width: 690px\" class=\"wp-caption alignnone\"><a href=\"\/en\/wp-content\/uploads\/2013\/05\/785-370_HiProfile_LifeStyle.jpg\"><img loading=\"lazy\" decoding=\"async\" aria-describedby=\"caption-attachment-350\" src=\"\/en\/wp-content\/uploads\/2013\/05\/785-370_HiProfile_LifeStyle.jpg\" alt=\"Poign\u00e9e d\u2019appui \u00e0 profil \u00e9lev\u00e9, par AquaSense\u00ae, dans le bain\" width=\"680\" height=\"329\" class=\"size-full wp-image-350\" \/><\/a><p id=\"caption-attachment-350\" class=\"wp-caption-text\"><\/p>\n<div align=\"center\" style=\"line-height:normal;\">Poign\u00e9e d\u2019appui \u00e0 profil \u00e9lev\u00e9, par AquaSense\u00ae, dans le bain<\/div>\n<p><\/p><\/div><\/p>\n","protected":false},"excerpt":{"rendered":"<p>Vous procure un soutien additionnel pour entrer et sortir du bain !<\/p>\n<p>Cette poign\u00e9e d\u2019appui AquaSense\u00ae vous offre stabilit\u00e9 et confort \u00e0 l\u2019entr\u00e9e et \u00e0 la sortie du bain. Construite de poly\u00e9thyl\u00e8ne de forte \u00e9paisseur, elle est facile \u00e0 nettoyer et s\u2019installe rapidement et solidement sans outil.<\/p>\n","protected":false},"featured_media":515,"comment_status":"open","ping_status":"closed","template":"","meta":[],"product_cat":[72],"product_tag":[],"class_list":{"0":"post-514","1":"product","2":"type-product","3":"status-publish","4":"has-post-thumbnail","6":"product_cat-poignees-dappui","8":"first","9":"instock","10":"shipping-taxable","11":"product-type-simple"},"_links":{"self":[{"href":"https:\/\/www.myaquasense.com\/fr\/wp-json\/wp\/v2\/product\/514"}],"collection":[{"href":"https:\/\/www.myaquasense.com\/fr\/wp-json\/wp\/v2\/product"}],"about":[{"href":"https:\/\/www.myaquasense.com\/fr\/wp-json\/wp\/v2\/types\/product"}],"replies":[{"embeddable":true,"href":"https:\/\/www.myaquasense.com\/fr\/wp-json\/wp\/v2\/comments?post=514"}],"wp:featuredmedia":[{"embeddable":true,"href":"https:\/\/www.myaquasense.com\/fr\/wp-json\/wp\/v2\/media\/515"}],"wp:attachment":[{"href":"https:\/\/www.myaquasense.com\/fr\/wp-json\/wp\/v2\/media?parent=514"}],"wp:term":[{"taxonomy":"product_cat","embeddable":true,"href":"https:\/\/www.myaquasense.com\/fr\/wp-json\/wp\/v2\/product_cat?post=514"},{"taxonomy":"product_tag","embeddable":true,"href":"https:\/\/www.myaquasense.com\/fr\/wp-json\/wp\/v2\/product_tag?post=514"}],"curies":[{"name":"wp","href":"https:\/\/api.w.org\/{rel}","templated":true}]}}