{"id":521,"date":"2015-02-20T15:46:46","date_gmt":"2015-02-20T20:46:46","guid":{"rendered":"http:\/\/www.myaquasense.com\/fr\/?post_type=product&#038;p=521"},"modified":"2015-02-20T15:51:58","modified_gmt":"2015-02-20T20:51:58","slug":"poignee-dappui-multi-ajustable-pour-baignoire","status":"publish","type":"product","link":"https:\/\/www.myaquasense.com\/fr\/produits\/poignee-dappui-multi-ajustable-pour-baignoire\/","title":{"rendered":"Poign\u00e9e d\u2019appui multi-ajustable pour baignoire, par AquaSense\u00ae"},"content":{"rendered":"<div id=\"attachment_362\" style=\"width: 234px\" class=\"wp-caption alignright\"><a href=\"\/en\/wp-content\/uploads\/2013\/05\/785-340-box-rev2.jpg\"><img loading=\"lazy\" decoding=\"async\" aria-describedby=\"caption-attachment-362\" src=\"\/en\/wp-content\/uploads\/2013\/05\/785-340-box-rev2-224x300.jpg\" alt=\"Poign\u00e9e d\u2019appui multi-ajustable pour baignoire, par AquaSense\u00ae\" width=\"224\" height=\"300\" class=\"size-medium wp-image-362\" \/><\/a><p id=\"caption-attachment-362\" class=\"wp-caption-text\"><\/p>\n<div align=\"center\" style=\"line-height:normal;\">Poign\u00e9e d\u2019appui multi-ajustable pour baignoire, par AquaSense\u00ae<\/div>\n<p><\/p><\/div>\n<h4>Procure s\u00e9curit\u00e9, stabilit\u00e9 et confort \u00e0 l&rsquo;entr\u00e9e comme \u00e0 la sortie de la baignoire.<\/h4>\n<p>La Poign\u00e9e d\u2019appui multi-ajustable pour baignoire d&rsquo;AquaSense\u00ae permet \u00e0 la fois une orientation parall\u00e8le et perpendiculaire \u00e0 la paroi de la baignoire. Elle offre aussi quatre (4) hauteurs diff\u00e9rentes. La Poign\u00e9e d&rsquo;appui multi-ajustable pour baignoire d&rsquo;AquaSense\u00ae procure s\u00e9curit\u00e9, stabilit\u00e9 et confort \u00e0 l&rsquo;entr\u00e9e comme \u00e0 la sortie de la baignoire.<\/p>\n<ul>\n<li>Construction robuste en acier inoxydable et aluminium qui r\u00e9sistent \u00e0 la rouille. <\/li>\n<li>Deux surfaces ind\u00e9pendantes de contact avec la baignoire offrent un soutien solide et fiable. <\/li>\n<li>Poign\u00e9e d&rsquo;ajustement con\u00e7ue pour \u00eatre facile \u00e0 tourner, permet une installation rapide. <\/li>\n<li>S&rsquo;adapte aux parois de 7,6 cm \u00e0 17,8 cm (3&quot; \u00e0 7&quot;) d&rsquo;\u00e9paisseur. <\/li>\n<div id=\"attachment_367\" style=\"width: 147px\" class=\"wp-caption alignright\"><a href=\"\/en\/wp-content\/uploads\/2013\/05\/IFABestProduct-2.jpg\"><img loading=\"lazy\" decoding=\"async\" aria-describedby=\"caption-attachment-367\" src=\"\/en\/wp-content\/uploads\/2013\/05\/IFABestProduct-2.jpg\" alt=\"Couronn\u00e9 Meilleur produit lors de l'Expo vieillissement &amp; D\u00e9sign Montr\u00e9al\" width=\"137\" height=\"257\" class=\"size-full wp-image-367\" \/><\/a><p id=\"caption-attachment-367\" class=\"wp-caption-text\"><\/p>\n<div align=\"center\" style=\"line-height:normal;\">Couronn\u00e9 Meilleur produit lors de l&rsquo;Expo vieillissement &#038; D\u00e9sign Montr\u00e9al<\/div>\n<p><\/p><\/div>\n<li>Tous les points de contact sont munis de coussinets antirayures en caoutchouc, pour une prise solide qui n&rsquo;endommage pas la surface de la baignoire. <\/li>\n<li>Installation sans outils. <\/li>\n<li>Capacit\u00e9 de poids : 136 kg (300 livres) <\/li>\n<li>Brevet canadien : 2622179 ;  <br \/>\n  chinois : ZL200810086485.5 <\/li>\n<li>Facile \u00e0 nettoyer<\/li>\n<\/ul>\n<div class=\"fusion-sep-clear\"><\/div><div class=\"fusion-separator fusion-full-width-sep sep-shadow\" style=\"background:radial-gradient(ellipse at 50% -50% , #e0dede 0px, rgba(255, 255, 255, 0) 80%) repeat scroll 0 0 rgba(0, 0, 0, 0);background:-webkit-radial-gradient(ellipse at 50% -50% , #e0dede 0px, rgba(255, 255, 255, 0) 80%) repeat scroll 0 0 rgba(0, 0, 0, 0);background:-moz-radial-gradient(ellipse at 50% -50% , #e0dede 0px, rgba(255, 255, 255, 0) 80%) repeat scroll 0 0 rgba(0, 0, 0, 0);background:-o-radial-gradient(ellipse at 50% -50% , #e0dede 0px, rgba(255, 255, 255, 0) 80%) repeat scroll 0 0 rgba(0, 0, 0, 0);margin-left: auto;margin-right: auto;margin-top:20px;margin-bottom:20px;\"><\/div>\n<h3>Litterature sheet<\/h3>\n<p><a href=\"http:\/\/www.amgmedical.com\/site\/pdfs\/785-340LSfr.pdf\">Poign\u00e9e d&rsquo;appui pour baignoire, multi-ajustable, AquaSense\u00ae &#8211; feuillet informatif (fichier pdf)<\/a><\/p>\n<div class=\"fusion-sep-clear\"><\/div><div class=\"fusion-separator fusion-full-width-sep sep-shadow\" style=\"background:radial-gradient(ellipse at 50% -50% , #e0dede 0px, rgba(255, 255, 255, 0) 80%) repeat scroll 0 0 rgba(0, 0, 0, 0);background:-webkit-radial-gradient(ellipse at 50% -50% , #e0dede 0px, rgba(255, 255, 255, 0) 80%) repeat scroll 0 0 rgba(0, 0, 0, 0);background:-moz-radial-gradient(ellipse at 50% -50% , #e0dede 0px, rgba(255, 255, 255, 0) 80%) repeat scroll 0 0 rgba(0, 0, 0, 0);background:-o-radial-gradient(ellipse at 50% -50% , #e0dede 0px, rgba(255, 255, 255, 0) 80%) repeat scroll 0 0 rgba(0, 0, 0, 0);margin-left: auto;margin-right: auto;margin-top:20px;margin-bottom:20px;\"><\/div>\n<h3>Garantie<\/h3>\n<p>Garantie limit\u00e9e de 5 ans.<\/p>\n<div class=\"fusion-sep-clear\"><\/div><div class=\"fusion-separator fusion-full-width-sep sep-shadow\" style=\"background:radial-gradient(ellipse at 50% -50% , #e0dede 0px, rgba(255, 255, 255, 0) 80%) repeat scroll 0 0 rgba(0, 0, 0, 0);background:-webkit-radial-gradient(ellipse at 50% -50% , #e0dede 0px, rgba(255, 255, 255, 0) 80%) repeat scroll 0 0 rgba(0, 0, 0, 0);background:-moz-radial-gradient(ellipse at 50% -50% , #e0dede 0px, rgba(255, 255, 255, 0) 80%) repeat scroll 0 0 rgba(0, 0, 0, 0);background:-o-radial-gradient(ellipse at 50% -50% , #e0dede 0px, rgba(255, 255, 255, 0) 80%) repeat scroll 0 0 rgba(0, 0, 0, 0);margin-left: auto;margin-right: auto;margin-top:20px;margin-bottom:20px;\"><\/div>\n<h3>Informations sur le produit<\/h3>\n<p><strong>Poign\u00e9e d\u2019appui multi-ajustable pour baignoire, par AquaSense\u00ae<\/strong><\/p>\n<p>Procure s\u00e9curit\u00e9, stabilit\u00e9 et confort \u00e0 l&rsquo;entr\u00e9e comme \u00e0 la sortie de la baignoire. <\/p>\n<p><strong>Article no : 785-340<\/strong><\/p>\n<div class=\"fusion-sep-clear\"><\/div><div class=\"fusion-separator fusion-full-width-sep sep-shadow\" style=\"background:radial-gradient(ellipse at 50% -50% , #e0dede 0px, rgba(255, 255, 255, 0) 80%) repeat scroll 0 0 rgba(0, 0, 0, 0);background:-webkit-radial-gradient(ellipse at 50% -50% , #e0dede 0px, rgba(255, 255, 255, 0) 80%) repeat scroll 0 0 rgba(0, 0, 0, 0);background:-moz-radial-gradient(ellipse at 50% -50% , #e0dede 0px, rgba(255, 255, 255, 0) 80%) repeat scroll 0 0 rgba(0, 0, 0, 0);background:-o-radial-gradient(ellipse at 50% -50% , #e0dede 0px, rgba(255, 255, 255, 0) 80%) repeat scroll 0 0 rgba(0, 0, 0, 0);margin-left: auto;margin-right: auto;margin-top:20px;margin-bottom:20px;\"><\/div>\n<div id=\"attachment_193\" style=\"width: 271px\" class=\"wp-caption alignright\"><a href=\"http:\/\/www.myaquasense.com\/fr\/wp-content\/uploads\/2013\/05\/785-340-graph-fr.jpg\"><img loading=\"lazy\" decoding=\"async\" aria-describedby=\"caption-attachment-193\" src=\"http:\/\/www.myaquasense.com\/fr\/wp-content\/uploads\/2013\/05\/785-340-graph-fr-261x300.jpg\" alt=\"Poign\u00e9e d\u2019appui multi-ajustable pour baignoire, par AquaSense\u00ae, d\u00e9tails\" width=\"261\" height=\"300\" class=\"size-medium wp-image-193\" \/><\/a><p id=\"caption-attachment-193\" class=\"wp-caption-text\"><\/p>\n<div align=\"center\" style=\"line-height:normal;\">Poign\u00e9e d\u2019appui multi-ajustable pour baignoire, par AquaSense\u00ae, d\u00e9tails<\/div>\n<p><\/p><\/div>\n<h3>Commentaires des clients<\/h3>\n<p><strong>Commentaires recueillis sur les cartes d\u2019enregistrement de produits ou lors de l\u2019enregistrement de produits en ligne :<\/strong><\/p>\n<div class=\"review male\"><blockquote><q style=\"background-color:;color:;\"><span class=\"fusion-dropcap dropcap\" style=\"color:#67b7e1;\">\u201c<\/span> Felicitation pour les instructions gros format. Peut etre est ce pense par une femme d une certaine age<br \/>\n&nbsp;<br \/>\n<\/q><\/blockquote><div class=\"author\" style=\"color:;\"><span class=\"testimonial-thumbnail doe\" style=\"color:;\"><\/span><span class=\"company-name\"><strong>Par : francine C.  De : gatineau<\/strong><\/span><\/div><\/div>\n<div class=\"review male\"><blockquote><q style=\"background-color:;color:;\"><span class=\"fusion-dropcap dropcap\" style=\"color:#67b7e1;\">\u201c<\/span> Je L&rsquo;apelle ma canne de baignoire elle securise a lentrre et sortie de l eau merci a la personn qui en a penser lidee et aux executeur perfectionneur<br \/>\n&nbsp;<br \/>\n<\/q><\/blockquote><div class=\"author\" style=\"color:;\"><span class=\"testimonial-thumbnail doe\" style=\"color:;\"><\/span><span class=\"company-name\"><strong>Par : raymonde L.  De : roberval<\/strong><\/span><\/div><\/div>\n<div class=\"review male\"><blockquote><q style=\"background-color:;color:;\"><span class=\"fusion-dropcap dropcap\" style=\"color:#67b7e1;\">\u201c<\/span> Tres securitaire et ont peut lajustee tres facilement tres bien pensee<br \/>\n&nbsp;<br \/>\n<\/q><\/blockquote><div class=\"author\" style=\"color:;\"><span class=\"testimonial-thumbnail doe\" style=\"color:;\"><\/span><span class=\"company-name\"><strong>Par : lucienne V.   De : gatineau<\/strong><\/span><\/div><\/div>\n<div class=\"review male\"><blockquote><q style=\"background-color:;color:;\"><span class=\"fusion-dropcap dropcap\" style=\"color:#67b7e1;\">\u201c<\/span> Tres satisfait<br \/>\n&nbsp;<br \/>\n<\/q><\/blockquote><div class=\"author\" style=\"color:;\"><span class=\"testimonial-thumbnail doe\" style=\"color:;\"><\/span><span class=\"company-name\"><strong>Par : Evelyne Berthelot   De : St. Vincent de Paul, Laval<\/strong><\/span><\/div><\/div>\n<div class=\"review male\"><blockquote><q style=\"background-color:;color:;\"><span class=\"fusion-dropcap dropcap\" style=\"color:#67b7e1;\">\u201c<\/span> Produit tr\u00e8s s\u00e9curitaire et pratique<br \/>\n&nbsp;<br \/>\n<\/q><\/blockquote><div class=\"author\" style=\"color:;\"><span class=\"testimonial-thumbnail doe\" style=\"color:;\"><\/span><span class=\"company-name\"><strong>Par : Isobel M.     De : Scarborough<\/strong><\/span><\/div><\/div>\n<div class=\"review male\"><blockquote><q style=\"background-color:;color:;\"><span class=\"fusion-dropcap dropcap\" style=\"color:#67b7e1;\">\u201c<\/span> cest le remplacement de celui prete par le clsc suite a une operation a la hanche tres utile pour entree dans le bain pour prendre une douche.<br \/>\n<\/q><\/blockquote><div class=\"author\" style=\"color:;\"><span class=\"testimonial-thumbnail doe\" style=\"color:;\"><\/span><span class=\"company-name\"><strong>Par : Allaire Guy L.     De : Montr\u00e9al<\/strong><\/span><\/div><\/div>\n<div class=\"review male\"><blockquote><q style=\"background-color:;color:;\"><span class=\"fusion-dropcap dropcap\" style=\"color:#67b7e1;\">\u201c<\/span> Meilleure id\u00e9e que j&rsquo;aie vue depuis longtemps !<br \/>\n&nbsp;<br \/>\n<\/q><\/blockquote><div class=\"author\" style=\"color:;\"><span class=\"testimonial-thumbnail doe\" style=\"color:;\"><\/span><span class=\"company-name\"><strong>Par : John K.     De : Kindersley<\/strong><\/span><\/div><\/div>\n<div class=\"review male\"><blockquote><q style=\"background-color:;color:;\"><span class=\"fusion-dropcap dropcap\" style=\"color:#67b7e1;\">\u201c<\/span> Tr\u00e8s solide<br \/>\n&nbsp;<br \/>\n<\/q><\/blockquote><div class=\"author\" style=\"color:;\"><span class=\"testimonial-thumbnail doe\" style=\"color:;\"><\/span><span class=\"company-name\"><strong>Par : Moira G.     De : Vancouver<\/strong><\/span><\/div><\/div>\n<div class=\"review male\"><blockquote><q style=\"background-color:;color:;\"><span class=\"fusion-dropcap dropcap\" style=\"color:#67b7e1;\">\u201c<\/span> Fonctionne tr\u00e8s bien et est facile \u00e0 intaller et d\u00e9sinstaller<br \/>\n&nbsp;<br \/>\n<\/q><\/blockquote><div class=\"author\" style=\"color:;\"><span class=\"testimonial-thumbnail doe\" style=\"color:;\"><\/span><span class=\"company-name\"><strong>Par : Charles L.     De : Ch\u00e2teauguay<\/strong><\/span><\/div><\/div>\n<div class=\"fusion-sep-clear\"><\/div><div class=\"fusion-separator fusion-full-width-sep sep-shadow\" style=\"background:radial-gradient(ellipse at 50% -50% , #e0dede 0px, rgba(255, 255, 255, 0) 80%) repeat scroll 0 0 rgba(0, 0, 0, 0);background:-webkit-radial-gradient(ellipse at 50% -50% , #e0dede 0px, rgba(255, 255, 255, 0) 80%) repeat scroll 0 0 rgba(0, 0, 0, 0);background:-moz-radial-gradient(ellipse at 50% -50% , #e0dede 0px, rgba(255, 255, 255, 0) 80%) repeat scroll 0 0 rgba(0, 0, 0, 0);background:-o-radial-gradient(ellipse at 50% -50% , #e0dede 0px, rgba(255, 255, 255, 0) 80%) repeat scroll 0 0 rgba(0, 0, 0, 0);margin-left: auto;margin-right: auto;margin-top:20px;margin-bottom:20px;\"><\/div>\n&nbsp;<\/p>\n<div id=\"attachment_369\" style=\"width: 690px\" class=\"wp-caption alignnone\"><a href=\"\/en\/wp-content\/uploads\/2013\/05\/785-340-LifeStyle-2.jpg\"><img loading=\"lazy\" decoding=\"async\" aria-describedby=\"caption-attachment-369\" src=\"\/en\/wp-content\/uploads\/2013\/05\/785-340-LifeStyle-2.jpg\" alt=\"Poign\u00e9e d\u2019appui multi-ajustable pour baignoire, par AquaSense\u00ae, install\u00e9e sur la baignoire\" width=\"680\" height=\"360\" class=\"size-full wp-image-369\" \/><\/a><p id=\"caption-attachment-369\" class=\"wp-caption-text\"><\/p>\n<div align=\"center\" style=\"line-height:normal;\">Poign\u00e9e d\u2019appui multi-ajustable pour baignoire, par AquaSense\u00ae, install\u00e9e sur la baignoire<\/div>\n<p><\/p><\/div>\n","protected":false},"excerpt":{"rendered":"<p>Procure s\u00e9curit\u00e9, stabilit\u00e9 et confort \u00e0 l&#039;entr\u00e9e comme \u00e0 la sortie de la baignoire.<\/p>\n<p>La Poign\u00e9e d\u2019appui multi-ajustable pour baignoire d&#039;AquaSense\u00ae permet \u00e0 la fois une orientation parall\u00e8le et perpendiculaire \u00e0 la paroi de la baignoire. Elle offre aussi quatre (4) hauteurs diff\u00e9rentes. La Poign\u00e9e d&#039;appui multi-ajustable pour baignoire d&#039;AquaSense\u00ae procure s\u00e9curit\u00e9, stabilit\u00e9 et confort \u00e0 l&#039;entr\u00e9e comme \u00e0 la sortie de la baignoire.<\/p>\n","protected":false},"featured_media":522,"comment_status":"open","ping_status":"closed","template":"","meta":[],"product_cat":[72],"product_tag":[],"class_list":{"0":"post-521","1":"product","2":"type-product","3":"status-publish","4":"has-post-thumbnail","6":"product_cat-poignees-dappui","8":"first","9":"instock","10":"shipping-taxable","11":"product-type-simple"},"_links":{"self":[{"href":"https:\/\/www.myaquasense.com\/fr\/wp-json\/wp\/v2\/product\/521"}],"collection":[{"href":"https:\/\/www.myaquasense.com\/fr\/wp-json\/wp\/v2\/product"}],"about":[{"href":"https:\/\/www.myaquasense.com\/fr\/wp-json\/wp\/v2\/types\/product"}],"replies":[{"embeddable":true,"href":"https:\/\/www.myaquasense.com\/fr\/wp-json\/wp\/v2\/comments?post=521"}],"wp:featuredmedia":[{"embeddable":true,"href":"https:\/\/www.myaquasense.com\/fr\/wp-json\/wp\/v2\/media\/522"}],"wp:attachment":[{"href":"https:\/\/www.myaquasense.com\/fr\/wp-json\/wp\/v2\/media?parent=521"}],"wp:term":[{"taxonomy":"product_cat","embeddable":true,"href":"https:\/\/www.myaquasense.com\/fr\/wp-json\/wp\/v2\/product_cat?post=521"},{"taxonomy":"product_tag","embeddable":true,"href":"https:\/\/www.myaquasense.com\/fr\/wp-json\/wp\/v2\/product_tag?post=521"}],"curies":[{"name":"wp","href":"https:\/\/api.w.org\/{rel}","templated":true}]}}