{"id":542,"date":"2015-02-24T15:39:37","date_gmt":"2015-02-24T20:39:37","guid":{"rendered":"http:\/\/www.myaquasense.com\/fr\/?post_type=product&#038;p=542"},"modified":"2015-02-24T15:42:10","modified_gmt":"2015-02-24T20:42:10","slug":"barre-dappui-pour-toilette","status":"publish","type":"product","link":"https:\/\/www.myaquasense.com\/fr\/produits\/barre-dappui-pour-toilette\/","title":{"rendered":"Barre d\u2019appui pour toilette, par AquaSense\u00ae"},"content":{"rendered":"<div id=\"attachment_671\" style=\"width: 310px\" class=\"wp-caption alignright\"><a href=\"http:\/\/www.myaquasense.com\/en\/wp-content\/uploads\/2013\/10\/770-660-retail-box.jpg\"><img loading=\"lazy\" decoding=\"async\" aria-describedby=\"caption-attachment-671\" src=\"http:\/\/www.myaquasense.com\/en\/wp-content\/uploads\/2013\/10\/770-660-retail-box-300x163.jpg\" alt=\"Barre d\u2019appui pour toilette, par AquaSense\u00ae, bo\u00eete pour la vente au d\u00e9tail\" width=\"300\" height=\"163\" class=\"size-medium wp-image-671\" \/><\/a><p id=\"caption-attachment-671\" class=\"wp-caption-text\"><\/p>\n<div align=\"center\" style=\"line-height:normal;\">Barre d\u2019appui pour toilette, par AquaSense\u00ae, bo\u00eete pour la vente au d\u00e9tail<\/div>\n<p><\/p><\/div>\n<h4>Pour plus de s\u00e9curit\u00e9 et une stabilit\u00e9 accrue lorsque vous vous assoyez ou vous levez de votre toilette !<\/h4>\n<p>Nous cherchons tous l&rsquo;ind\u00e9pendance et le confort dans notre vie quotidienne. Les barres d\u2019appui ajustables pour toilette d&rsquo;AquaSense\u00ae r\u00e9pondent \u00e0 ces besoins avec un produit qui est esth\u00e9tique et facile \u00e0 utiliser !<\/p>\n<p>Les barres d\u2019appui ajustables pour toilette d&rsquo;AquaSense\u00ae s&rsquo;installent facilement sur les toilettes standard ou allong\u00e9es en utilisant les boulons existants de celles-ci. Qui plus est, l&rsquo;installation est simple et les appuie-bras offrent un soutien solide et sans entrave, lorsque compar\u00e9 aux mod\u00e8les qui ont un appui qui va d&rsquo;un c\u00f4t\u00e9 \u00e0 l&rsquo;autre de la cuvette.<\/p>\n<p>Que vous soyez en post-chirurgie ou que vous songez \u00e0 donner plus de libert\u00e9 et d&rsquo;ind\u00e9pendance \u00e0 votre grand-m\u00e8re dans sa salle de bains, ces barres d&rsquo;appui ajustables fourniront un appui suppl\u00e9mentaire lorsque que l&rsquo;on doit s&rsquo;asseoir ou se lever  en toute s\u00e9curit\u00e9 de sa toilette.<\/p>\n<p>Cette barre d\u2019appui pour toilette rend plus s\u00fbr et plus facile le fait de s&rsquo;asseoir ou de se lever de votre toilette. Ces appuie-bras pour toilette sont esth\u00e9tiquement agr\u00e9ables et extr\u00eamement faciles \u00e0 assembler.<\/p>\n<ul>\n<li>Accoudoirs pleine longueur rembourr\u00e9s, pour une meilleure prise et pour plus de confort <\/li>\n<li>Hauteur ergonomique des accoudoirs <\/li>\n<li>Largeur ajustable entre les accoudoirs : 39 cm ou 46 cm (15.5 po ou 18 po) <\/li>\n<li>Durables : Cadre en acier r\u00e9sistant \u00e0 la corrosion <\/li>\n<li>Assemblage sans outil <\/li>\n<li>Compatible avec la plupart des toilettes <\/li>\n<li>Capacit\u00e9 de poids: 136 kg (300 lb) <\/li>\n<\/ul>\n<div class=\"fusion-sep-clear\"><\/div><div class=\"fusion-separator fusion-full-width-sep sep-shadow\" style=\"background:radial-gradient(ellipse at 50% -50% , #e0dede 0px, rgba(255, 255, 255, 0) 80%) repeat scroll 0 0 rgba(0, 0, 0, 0);background:-webkit-radial-gradient(ellipse at 50% -50% , #e0dede 0px, rgba(255, 255, 255, 0) 80%) repeat scroll 0 0 rgba(0, 0, 0, 0);background:-moz-radial-gradient(ellipse at 50% -50% , #e0dede 0px, rgba(255, 255, 255, 0) 80%) repeat scroll 0 0 rgba(0, 0, 0, 0);background:-o-radial-gradient(ellipse at 50% -50% , #e0dede 0px, rgba(255, 255, 255, 0) 80%) repeat scroll 0 0 rgba(0, 0, 0, 0);margin-left: auto;margin-right: auto;margin-top:20px;margin-bottom:20px;\"><\/div>\n<h3>Manuel d\u2019instructions<\/h3>\n<p><a href=\"http:\/\/www.amgmedical.com\/site\/Manuals\/770-660_ins.pdf\" target=\"_blank\">Manuel d\u2019instructions pour les barres d\u2019appui pour toilette d&rsquo;AquaSense\u00ae<\/a><\/p>\n<div class=\"fusion-sep-clear\"><\/div><div class=\"fusion-separator fusion-full-width-sep sep-shadow\" style=\"background:radial-gradient(ellipse at 50% -50% , #e0dede 0px, rgba(255, 255, 255, 0) 80%) repeat scroll 0 0 rgba(0, 0, 0, 0);background:-webkit-radial-gradient(ellipse at 50% -50% , #e0dede 0px, rgba(255, 255, 255, 0) 80%) repeat scroll 0 0 rgba(0, 0, 0, 0);background:-moz-radial-gradient(ellipse at 50% -50% , #e0dede 0px, rgba(255, 255, 255, 0) 80%) repeat scroll 0 0 rgba(0, 0, 0, 0);background:-o-radial-gradient(ellipse at 50% -50% , #e0dede 0px, rgba(255, 255, 255, 0) 80%) repeat scroll 0 0 rgba(0, 0, 0, 0);margin-left: auto;margin-right: auto;margin-top:20px;margin-bottom:20px;\"><\/div>\n<h3>Garantie<\/h3>\n<p>Garantie limit\u00e9e \u00e0 vie.<\/p>\n<div class=\"fusion-sep-clear\"><\/div><div class=\"fusion-separator fusion-full-width-sep sep-shadow\" style=\"background:radial-gradient(ellipse at 50% -50% , #e0dede 0px, rgba(255, 255, 255, 0) 80%) repeat scroll 0 0 rgba(0, 0, 0, 0);background:-webkit-radial-gradient(ellipse at 50% -50% , #e0dede 0px, rgba(255, 255, 255, 0) 80%) repeat scroll 0 0 rgba(0, 0, 0, 0);background:-moz-radial-gradient(ellipse at 50% -50% , #e0dede 0px, rgba(255, 255, 255, 0) 80%) repeat scroll 0 0 rgba(0, 0, 0, 0);background:-o-radial-gradient(ellipse at 50% -50% , #e0dede 0px, rgba(255, 255, 255, 0) 80%) repeat scroll 0 0 rgba(0, 0, 0, 0);margin-left: auto;margin-right: auto;margin-top:20px;margin-bottom:20px;\"><\/div>\n<h3>Informations sur le produit<\/h3>\n<p><strong>Barre d\u2019appui pour toilette, par AquaSense\u00ae<\/strong><br \/>\nPour plus de s\u00e9curit\u00e9 et une stabilit\u00e9 accrue lorsque vous vous assoyez ou vous levez de votre toilette !<\/p>\n<p><strong>Article no: 770-660<\/strong><\/p>\n<div class=\"fusion-sep-clear\"><\/div><div class=\"fusion-separator fusion-full-width-sep sep-shadow\" style=\"background:radial-gradient(ellipse at 50% -50% , #e0dede 0px, rgba(255, 255, 255, 0) 80%) repeat scroll 0 0 rgba(0, 0, 0, 0);background:-webkit-radial-gradient(ellipse at 50% -50% , #e0dede 0px, rgba(255, 255, 255, 0) 80%) repeat scroll 0 0 rgba(0, 0, 0, 0);background:-moz-radial-gradient(ellipse at 50% -50% , #e0dede 0px, rgba(255, 255, 255, 0) 80%) repeat scroll 0 0 rgba(0, 0, 0, 0);background:-o-radial-gradient(ellipse at 50% -50% , #e0dede 0px, rgba(255, 255, 255, 0) 80%) repeat scroll 0 0 rgba(0, 0, 0, 0);margin-left: auto;margin-right: auto;margin-top:20px;margin-bottom:20px;\"><\/div>\n&nbsp;<\/p>\n<div id=\"attachment_672\" style=\"width: 690px\" class=\"wp-caption alignnone\"><a href=\"http:\/\/www.myaquasense.com\/en\/wp-content\/uploads\/2013\/10\/Toilet-Safety-Rails.jpg\"><img loading=\"lazy\" decoding=\"async\" aria-describedby=\"caption-attachment-672\" src=\"http:\/\/www.myaquasense.com\/en\/wp-content\/uploads\/2013\/10\/Toilet-Safety-Rails.jpg\" alt=\"Barre d\u2019appui pour toilette, par AquaSense\u00ae\" width=\"680\" height=\"486\" class=\"size-full wp-image-672\" \/><\/a><p id=\"caption-attachment-672\" class=\"wp-caption-text\"><\/p>\n<div align=\"center\" style=\"line-height:normal;\">Barre d\u2019appui pour toilette, par AquaSense\u00ae<\/div>\n<p><\/p><\/div>\n","protected":false},"excerpt":{"rendered":"<p>Pour plus de s\u00e9curit\u00e9 et une stabilit\u00e9 accrue lorsque vous vous assoyez ou vous levez de votre toilette !<\/p>\n<p>Les barres d\u2019appui ajustables pour toilette d&rsquo;AquaSense\u00ae s&rsquo;installent facilement sur les toilettes standard ou allong\u00e9es en utilisant les boulons existants de celles-ci. Qui plus est, l&rsquo;installation est simple et les appuie-bras offrent un soutien solide et sans entrave, lorsque compar\u00e9 aux mod\u00e8les qui ont un appui qui va d&rsquo;un c\u00f4t\u00e9 \u00e0 l&rsquo;autre de la cuvette.<\/p>\n","protected":false},"featured_media":543,"comment_status":"open","ping_status":"closed","template":"","meta":[],"product_cat":[73,75],"product_tag":[],"class_list":{"0":"post-542","1":"product","2":"type-product","3":"status-publish","4":"has-post-thumbnail","6":"product_cat-barres-dappui","7":"product_cat-toilette","9":"first","10":"instock","11":"shipping-taxable","12":"product-type-simple"},"_links":{"self":[{"href":"https:\/\/www.myaquasense.com\/fr\/wp-json\/wp\/v2\/product\/542"}],"collection":[{"href":"https:\/\/www.myaquasense.com\/fr\/wp-json\/wp\/v2\/product"}],"about":[{"href":"https:\/\/www.myaquasense.com\/fr\/wp-json\/wp\/v2\/types\/product"}],"replies":[{"embeddable":true,"href":"https:\/\/www.myaquasense.com\/fr\/wp-json\/wp\/v2\/comments?post=542"}],"wp:featuredmedia":[{"embeddable":true,"href":"https:\/\/www.myaquasense.com\/fr\/wp-json\/wp\/v2\/media\/543"}],"wp:attachment":[{"href":"https:\/\/www.myaquasense.com\/fr\/wp-json\/wp\/v2\/media?parent=542"}],"wp:term":[{"taxonomy":"product_cat","embeddable":true,"href":"https:\/\/www.myaquasense.com\/fr\/wp-json\/wp\/v2\/product_cat?post=542"},{"taxonomy":"product_tag","embeddable":true,"href":"https:\/\/www.myaquasense.com\/fr\/wp-json\/wp\/v2\/product_tag?post=542"}],"curies":[{"name":"wp","href":"https:\/\/api.w.org\/{rel}","templated":true}]}}