{"id":570,"date":"2015-02-24T16:30:52","date_gmt":"2015-02-24T21:30:52","guid":{"rendered":"http:\/\/www.myaquasense.com\/fr\/?post_type=product&#038;p=570"},"modified":"2015-02-24T16:38:03","modified_gmt":"2015-02-24T21:38:03","slug":"siege-de-toilette-sureleve-3-en-1","status":"publish","type":"product","link":"https:\/\/www.myaquasense.com\/fr\/produits\/siege-de-toilette-sureleve-3-en-1\/","title":{"rendered":"Si\u00e8ge de toilette sur\u00e9lev\u00e9 3 en 1, par AquaSense\u00ae"},"content":{"rendered":"<div id=\"attachment_777\" style=\"width: 310px\" class=\"wp-caption alignright\"><a href=\"http:\/\/www.myaquasense.com\/en\/wp-content\/uploads\/2014\/05\/770-618-retail-box-rev4.jpg\"><img loading=\"lazy\" decoding=\"async\" aria-describedby=\"caption-attachment-777\" src=\"http:\/\/www.myaquasense.com\/en\/wp-content\/uploads\/2014\/05\/770-618-retail-box-rev4-300x300.jpg\" alt=\"Si\u00e8ge de toilette sur\u00e9lev\u00e9 3 en 1, par AquaSense\u00ae\" width=\"300\" height=\"300\" class=\"size-medium wp-image-777\" \/><\/a><p id=\"caption-attachment-777\" class=\"wp-caption-text\"><\/p>\n<div align=\"center\" style=\"line-height:normal;\">Si\u00e8ge de toilette sur\u00e9lev\u00e9 3 en 1, par AquaSense\u00ae, \u00e9l\u00e8ve le si\u00e8ge de toilette de 4 pouces<\/div>\n<p><\/p><\/div>\n<h4>S\u2019adapte aux besoins ergonomiques de l\u2019usager afin de lui permettre de s\u2019asseoir et de se lever plus facilement de la toilette en \u00e9levant le si\u00e8ge de 4 po.<\/h4>\n<p>Notre si\u00e8ge de toilette sur\u00e9lev\u00e9 le plus populaire est maintenant am\u00e9lior\u00e9 ! Bas\u00e9 sur les commentaires de nos clients et de la recherche interne, nous avons redessin\u00e9 notre mod\u00e8le de si\u00e8ge de toilette sur\u00e9lev\u00e9 3-en-1 en lui donnant une forme de corps profil\u00e9 avec une am\u00e9lioration de la cuill\u00e8re du p\u00e9rin\u00e9e. Aussi nous avons augment\u00e9 la largeur de l&rsquo;ouverture du si\u00e8ge de 12% et \u00e9largi l&rsquo;espace entre les accoudoirs. Que vous soyez en post-chirurgie ou que vous voulez offrir \u00e0 un membre de votre famille plus d&rsquo;ind\u00e9pendance dans la salle de bains, ce si\u00e8ge de toilette sur\u00e9lev\u00e9 fournira un appui suppl\u00e9mentaire pour s&rsquo;assoir ou se lever du si\u00e8ge de toilette.<\/p>\n<p>Utiliser sans les poign\u00e9es, pour plus d\u2019espace et un acc\u00e8s libre de tout obstacle.<\/p>\n<p>Utiliser avec une poign\u00e9e, pour un acc\u00e8s lat\u00e9ral facile et une poigne solide.<\/p>\n<p>Utiliser avec 2 poign\u00e9es, pour plus de s\u00e9curit\u00e9 et plus de support.<\/p>\n<ul>\n<li>Choix de 3 configurations faciles \u00e0 assembler, pour une souplesse accrue. Permet \u00e0 l&rsquo;utilisateur de placer les appui-bras \u00e0 sa convenance afin d&rsquo;adapter le si\u00e8ge \u00e0 ses besoins ergonomiques.<\/li>\n<li>Forme de corps profil\u00e9 avec une am\u00e9lioration de la sortie prot\u00e9g\u00e9e du p\u00e9rin\u00e9e <\/li>\n<div id=\"attachment_779\" style=\"width: 310px\" class=\"wp-caption alignright\"><a href=\"http:\/\/www.myaquasense.com\/en\/wp-content\/uploads\/2013\/07\/770-618-contoured-12.jpg\"><img loading=\"lazy\" decoding=\"async\" aria-describedby=\"caption-attachment-779\" src=\"http:\/\/www.myaquasense.com\/en\/wp-content\/uploads\/2013\/07\/770-618-contoured-12-300x219.jpg\" alt=\"770-618, Si\u00e8ge de toilette sur\u00e9lev\u00e9 3 en 1, d\u00e9sign profil\u00e9 et ouverture 12% plus grande\" width=\"300\" height=\"219\" class=\"size-medium wp-image-779\" \/><\/a><p id=\"caption-attachment-779\" class=\"wp-caption-text\"><\/p>\n<div align=\"center\" style=\"line-height:normal;\">770-618, Si\u00e8ge de toilette sur\u00e9lev\u00e9 3 en 1, d\u00e9sign profil\u00e9 et ouverture 12% plus grande<\/div>\n<p><\/p><\/div>\n<li>Se fixe solidement \u00e0 la plupart des cuvettes standard et allong\u00e9es, pour plus de versatilit\u00e9 <\/li>\n<li>Ajoute 10,2 cm (4 po) au si\u00e8ge, pour un acc\u00e8s facile et plus s\u00e9curitaire <\/li>\n<li>La largeur de l&rsquo;ouverture du si\u00e8ge a \u00e9t\u00e9 augment\u00e9e de 12% (24,5 cm par 23,5 cm (10 po x 9,5 po) et l&rsquo;espace entre les accoudoirs a \u00e9t\u00e9 \u00e9largi<\/li>\n<li>Poly\u00e9thyl\u00e8ne facile \u00e0 nettoyer<\/li>\n<li>Assemblage facile et rapide<\/li>\n<li>R\u00e9siste \u00e0 la corrosion, pour une durabilit\u00e9 accrue <\/li>\n<li>Poids maximal de 136 kg (300 livres), pour plus de stabilit\u00e9<\/li>\n<\/ul>\n<div class=\"fusion-sep-clear\"><\/div><div class=\"fusion-separator fusion-full-width-sep sep-shadow\" style=\"background:radial-gradient(ellipse at 50% -50% , #e0dede 0px, rgba(255, 255, 255, 0) 80%) repeat scroll 0 0 rgba(0, 0, 0, 0);background:-webkit-radial-gradient(ellipse at 50% -50% , #e0dede 0px, rgba(255, 255, 255, 0) 80%) repeat scroll 0 0 rgba(0, 0, 0, 0);background:-moz-radial-gradient(ellipse at 50% -50% , #e0dede 0px, rgba(255, 255, 255, 0) 80%) repeat scroll 0 0 rgba(0, 0, 0, 0);background:-o-radial-gradient(ellipse at 50% -50% , #e0dede 0px, rgba(255, 255, 255, 0) 80%) repeat scroll 0 0 rgba(0, 0, 0, 0);margin-left: auto;margin-right: auto;margin-top:20px;margin-bottom:20px;\"><\/div>\n<p><a href=\"http:\/\/www.amgmedical.com\/site\/pdfs\/770-618_3-Way_RTS_LS_f.pdf\" target=\"_blank\">Si\u00e8ge de toilette sur\u00e9lev\u00e9 3 en 1, AquaSense\u00ae, feuillet informatif<\/a><\/p>\n<p><a href=\"http:\/\/www.amgmedical.com\/site\/Parts\/770-618R1fB.pdf\" target=\"_blank\">Diagrammes d&rsquo;assemblage et listes de localisations des pi\u00e8ces (fichier pdf)<\/a><\/p>\n<div class=\"fusion-sep-clear\"><\/div><div class=\"fusion-separator fusion-full-width-sep sep-shadow\" style=\"background:radial-gradient(ellipse at 50% -50% , #e0dede 0px, rgba(255, 255, 255, 0) 80%) repeat scroll 0 0 rgba(0, 0, 0, 0);background:-webkit-radial-gradient(ellipse at 50% -50% , #e0dede 0px, rgba(255, 255, 255, 0) 80%) repeat scroll 0 0 rgba(0, 0, 0, 0);background:-moz-radial-gradient(ellipse at 50% -50% , #e0dede 0px, rgba(255, 255, 255, 0) 80%) repeat scroll 0 0 rgba(0, 0, 0, 0);background:-o-radial-gradient(ellipse at 50% -50% , #e0dede 0px, rgba(255, 255, 255, 0) 80%) repeat scroll 0 0 rgba(0, 0, 0, 0);margin-left: auto;margin-right: auto;margin-top:20px;margin-bottom:20px;\"><\/div>\n<h3>Garantie<\/h3>\n<p>Garantie limit\u00e9e de 5 ans<\/p>\n<div class=\"fusion-sep-clear\"><\/div><div class=\"fusion-separator fusion-full-width-sep sep-shadow\" style=\"background:radial-gradient(ellipse at 50% -50% , #e0dede 0px, rgba(255, 255, 255, 0) 80%) repeat scroll 0 0 rgba(0, 0, 0, 0);background:-webkit-radial-gradient(ellipse at 50% -50% , #e0dede 0px, rgba(255, 255, 255, 0) 80%) repeat scroll 0 0 rgba(0, 0, 0, 0);background:-moz-radial-gradient(ellipse at 50% -50% , #e0dede 0px, rgba(255, 255, 255, 0) 80%) repeat scroll 0 0 rgba(0, 0, 0, 0);background:-o-radial-gradient(ellipse at 50% -50% , #e0dede 0px, rgba(255, 255, 255, 0) 80%) repeat scroll 0 0 rgba(0, 0, 0, 0);margin-left: auto;margin-right: auto;margin-top:20px;margin-bottom:20px;\"><\/div>\n<h3>Informations sur le produit<\/h3>\n<p><strong>Si\u00e8ge de toilette sur\u00e9lev\u00e9 3 en 1, par AquaSense\u00ae<\/strong><br \/>\nS\u2019adapte aux besoins ergonomiques de l\u2019usager afin de lui permettre de s\u2019asseoir et de se lever plus facilement de la toilette<\/p>\n<p><strong>Article no : 770-618<\/strong><\/p>\n<div class=\"fusion-sep-clear\"><\/div><div class=\"fusion-separator fusion-full-width-sep sep-shadow\" style=\"background:radial-gradient(ellipse at 50% -50% , #e0dede 0px, rgba(255, 255, 255, 0) 80%) repeat scroll 0 0 rgba(0, 0, 0, 0);background:-webkit-radial-gradient(ellipse at 50% -50% , #e0dede 0px, rgba(255, 255, 255, 0) 80%) repeat scroll 0 0 rgba(0, 0, 0, 0);background:-moz-radial-gradient(ellipse at 50% -50% , #e0dede 0px, rgba(255, 255, 255, 0) 80%) repeat scroll 0 0 rgba(0, 0, 0, 0);background:-o-radial-gradient(ellipse at 50% -50% , #e0dede 0px, rgba(255, 255, 255, 0) 80%) repeat scroll 0 0 rgba(0, 0, 0, 0);margin-left: auto;margin-right: auto;margin-top:20px;margin-bottom:20px;\"><\/div>\n&nbsp;<\/p>\n<div id=\"attachment_778\" style=\"width: 690px\" class=\"wp-caption alignnone\"><a href=\"http:\/\/www.myaquasense.com\/en\/wp-content\/uploads\/2013\/07\/770-618-lifestyle.jpg\"><img loading=\"lazy\" decoding=\"async\" aria-describedby=\"caption-attachment-778\" src=\"http:\/\/www.myaquasense.com\/en\/wp-content\/uploads\/2013\/07\/770-618-lifestyle.jpg\" alt=\"Si\u00e8ge de toilette sur\u00e9lev\u00e9 3 en 1, par AquaSense\u00ae\" width=\"680\" height=\"431\" class=\"size-full wp-image-778\" \/><\/a><p id=\"caption-attachment-778\" class=\"wp-caption-text\"><\/p>\n<div align=\"center\" style=\"line-height:normal;\">Si\u00e8ge de toilette sur\u00e9lev\u00e9 3 en 1, par AquaSense\u00ae<\/div>\n<p><\/p><\/div>\n","protected":false},"excerpt":{"rendered":"<p>S\u2019adapte aux besoins ergonomiques de l\u2019usager afin de lui permettre de s\u2019asseoir et de se lever plus facilement de la toilette en \u00e9levant le si\u00e8ge de 4 po.<\/p>\n<p>Utiliser sans les poign\u00e9es, pour plus d\u2019espace et un acc\u00e8s libre de tout obstacle.<\/p>\n<p>Utiliser avec une poign\u00e9e, pour un acc\u00e8s lat\u00e9ral facile et une poigne solide.<\/p>\n<p>Utiliser avec 2 poign\u00e9es, pour plus de s\u00e9curit\u00e9 et plus de support.<\/p>\n","protected":false},"featured_media":571,"comment_status":"open","ping_status":"closed","template":"","meta":[],"product_cat":[75],"product_tag":[],"class_list":{"0":"post-570","1":"product","2":"type-product","3":"status-publish","4":"has-post-thumbnail","6":"product_cat-toilette","8":"first","9":"instock","10":"shipping-taxable","11":"product-type-simple"},"_links":{"self":[{"href":"https:\/\/www.myaquasense.com\/fr\/wp-json\/wp\/v2\/product\/570"}],"collection":[{"href":"https:\/\/www.myaquasense.com\/fr\/wp-json\/wp\/v2\/product"}],"about":[{"href":"https:\/\/www.myaquasense.com\/fr\/wp-json\/wp\/v2\/types\/product"}],"replies":[{"embeddable":true,"href":"https:\/\/www.myaquasense.com\/fr\/wp-json\/wp\/v2\/comments?post=570"}],"wp:featuredmedia":[{"embeddable":true,"href":"https:\/\/www.myaquasense.com\/fr\/wp-json\/wp\/v2\/media\/571"}],"wp:attachment":[{"href":"https:\/\/www.myaquasense.com\/fr\/wp-json\/wp\/v2\/media?parent=570"}],"wp:term":[{"taxonomy":"product_cat","embeddable":true,"href":"https:\/\/www.myaquasense.com\/fr\/wp-json\/wp\/v2\/product_cat?post=570"},{"taxonomy":"product_tag","embeddable":true,"href":"https:\/\/www.myaquasense.com\/fr\/wp-json\/wp\/v2\/product_tag?post=570"}],"curies":[{"name":"wp","href":"https:\/\/api.w.org\/{rel}","templated":true}]}}